{"id":4402,"date":"2023-08-10T00:13:38","date_gmt":"2023-08-10T00:13:38","guid":{"rendered":"https:\/\/vilajoya.motti.dengun.net\/book-beach-shack\/"},"modified":"2023-11-15T14:28:15","modified_gmt":"2023-11-15T14:28:15","slug":"reserva-praia","status":"publish","type":"page","link":"https:\/\/vilajoya.motti.dengun.net\/pt-pt\/reserva-praia\/","title":{"rendered":"Reserva Praia"},"content":{"rendered":"<p>[vc_row content_placement=&#8221;middle&#8221; content_text_alignment=&#8221;center&#8221; el_class=&#8221;img_background_section&#8221; css=&#8221;.vc_custom_1691627961599{background-image: url(https:\/\/vilajoya.motti.dengun.net\/wp-content\/uploads\/2023\/08\/book_sea_header_v1.jpg?id=4344) !important;}&#8221;][vc_column css=&#8221;.vc_custom_1623953325356{padding-top: 100px !important;padding-bottom: 100px !important;}&#8221; column_responsive_padding_1024=&#8221;100px 0 100px 0&#8243; column_responsive_padding_680=&#8221;100px 0 100px 0&#8243; column_responsive_padding_768=&#8221;100px 0 100px 0&#8243; offset=&#8221;vc_col-lg-offset-0 vc_col-lg-12 vc_col-md-offset-0 vc_col-md-12 vc_col-sm-offset-0 vc_col-xs-12&#8243; column_responsive_padding_1440=&#8221;100px 0 100px 0&#8243; column_responsive_padding_1366=&#8221;100px 0 100px 0&#8243; column_responsive_padding_1280=&#8221;100px 0 100px 0&#8243;][vc_row_inner row_content_width=&#8221;grid&#8221;][vc_column_inner offset=&#8221;vc_col-lg-offset-0 vc_col-lg-12 vc_col-md-offset-0 vc_col-md-12 vc_col-sm-offset-0 vc_col-xs-12&#8243; css=&#8221;.vc_custom_1691628188793{padding-top: 140px !important;padding-right: 5% !important;padding-bottom: 100px !important;padding-left: 5% !important;}&#8221; column_responsive_padding_1440=&#8221;120px 6% 85px 6%&#8221; column_responsive_padding_1366=&#8221;115px 5% 60px 5%&#8221; column_responsive_padding_1280=&#8221;120px 5% 85px 5%&#8221; column_responsive_padding_1024=&#8221;120px 5% 5px 5%&#8221; column_responsive_padding_768=&#8221;110px 5% 5px 5%&#8221; column_responsive_padding_680=&#8221;100px 0 0 0&#8243;]<div class=\"qodef-shortcode qodef-m  qodef-section-title qodef-alignment--center \">\n\t\t<p class=\"qodef-m-subtitle\" style=\"color: #ffffff\">Reserva Praia<\/p>\n\t\t<h1 class=\"qodef-m-title\" style=\"color: #ffffff\">\n\t\t\t\t\t\u201cMexico meets Japan\u201d \u2013 on Vila Joya beach\t\t\t<\/h1>\n\t<\/div>[\/vc_column_inner][\/vc_row_inner][\/vc_column][\/vc_row][vc_row content_placement=&#8221;middle&#8221; css_animation=&#8221;none&#8221; content_text_alignment=&#8221;center&#8221; css=&#8221;.vc_custom_1700058486190{background-color: #d2a150 !important;}&#8221;][vc_column offset=&#8221;vc_col-lg-offset-0 vc_col-lg-12 vc_col-md-offset-0 vc_col-md-12 vc_col-sm-offset-0 vc_col-xs-12&#8243; column_responsive_padding_1440=&#8221;40px 0 45px 0&#8243; column_responsive_padding_1366=&#8221;40px 0 45px 0&#8243; column_responsive_padding_1280=&#8221;40px 0 45px 0&#8243; column_responsive_padding_1024=&#8221;40px 1% 45px 1%&#8221; column_responsive_padding_768=&#8221;40px 10% 45px 10%&#8221; column_responsive_padding_680=&#8221;40px 10% 45px 10%&#8221; css=&#8221;.vc_custom_1639594314120{padding-top: 40px !important;padding-bottom: 45px !important;}&#8221;]<div class=\"qodef-shortcode qodef-m italic_style_intro qodef-section-title qodef-alignment--center \">\n\t\t\t<h4 class=\"qodef-m-title\" style=\"color: #ffffff\">\n\t\t\t\t\tHibernation time at Vila Joya! We will re-open on March 17th.\t\t\t<\/h4>\n\t<\/div>[\/vc_column][\/vc_row][vc_row css=&#8221;.vc_custom_1624042696348{margin-top: -25px !important;}&#8221;][vc_column offset=&#8221;vc_col-lg-offset-0 vc_col-lg-12 vc_col-md-offset-0 vc_col-md-12 vc_col-sm-offset-0 vc_col-xs-12&#8243; css=&#8221;.vc_custom_1678813463481{padding-top: 25px !important;}&#8221; column_responsive_padding_1366=&#8221;25px 0 0 0&#8243; column_responsive_padding_1440=&#8221;25px 0 0 0&#8243; column_responsive_padding_1280=&#8221;25px 0 0 0&#8243; column_responsive_padding_1024=&#8221;25px 0 0 0&#8243; column_responsive_padding_768=&#8221;45px 0 0 0&#8243; column_responsive_padding_680=&#8221;25px 0 0 0&#8243;]\n\t\t\t<!-- START Scroll Down REVOLUTION SLIDER 6.2.22 --><p class=\"rs-p-wp-fix\"><\/p>\n\t\t\t<rs-module-wrap id=\"rev_slider_5_1_wrapper\" data-source=\"gallery\" style=\"background:transparent;padding:0;margin:0px auto;margin-top:0;margin-bottom:0;\">\n\t\t\t\t<rs-module id=\"rev_slider_5_1\" style=\"\" data-version=\"6.2.22\">\n\t\t\t\t\t<rs-slides>\n\t\t\t\t\t\t<rs-slide data-key=\"rs-9\" data-title=\"Slide\" data-anim=\"ei:d;eo:d;s:1000ms;r:0;t:fade;sl:1;\">\n\t\t\t\t\t\t\t<img src=\"\/\/vilajoya.motti.dengun.net\/wp-content\/plugins\/revslider\/public\/assets\/assets\/transparent.png\" alt=\"Slide\" title=\"Reserva Praia\" class=\"rev-slidebg\" data-no-retina>\n<!--\n\t\t\t\t\t\t\t--><rs-layer\n\t\t\t\t\t\t\t\tid=\"slider-5-slide-9-layer-8\" \n\t\t\t\t\t\t\t\tclass=\"qodef-rev-scroll-down\"\n\t\t\t\t\t\t\t\tdata-type=\"text\"\n\t\t\t\t\t\t\t\tdata-color=\"#b18235\"\n\t\t\t\t\t\t\t\tdata-xy=\"x:c;y:m;yo:-73px;\"\n\t\t\t\t\t\t\t\tdata-text=\"w:normal;s:13;l:17;ls:3px;fw:500;\"\n\t\t\t\t\t\t\t\tdata-actions='o:click;a:scrollbelow;offset:-10px;sp:1800ms;e:power1.inOut;'\n\t\t\t\t\t\t\t\tdata-basealign=\"slide\"\n\t\t\t\t\t\t\t\tdata-rsp_o=\"off\"\n\t\t\t\t\t\t\t\tdata-rsp_bd=\"off\"\n\t\t\t\t\t\t\t\tdata-frame_0=\"sX:0.9;sY:0.9;\"\n\t\t\t\t\t\t\t\tdata-frame_1=\"sp:1000;sR:1370;\"\n\t\t\t\t\t\t\t\tdata-frame_999=\"o:0;st:w;sR:6630;\"\n\t\t\t\t\t\t\t\tstyle=\"z-index:10;font-family:Montserrat;text-transform:uppercase;\"\n\t\t\t\t\t\t\t>Scroll \n\t\t\t\t\t\t\t<\/rs-layer><!--\n-->\t\t\t\t\t\t<\/rs-slide>\n\t\t\t\t\t<\/rs-slides>\n\t\t\t\t<\/rs-module>\n\t\t\t\t<script type=\"text\/javascript\">\n\t\t\t\t\tsetREVStartSize({c: 'rev_slider_5_1',rl:[1240,1025,779,481],el:[230,230,230,230],gw:[1300,1100,1024,480],gh:[230,230,230,230],type:'hero',justify:'',layout:'fullwidth',mh:\"0\"});\n\t\t\t\t\tvar\trevapi5,\n\t\t\t\t\t\ttpj;\n\t\t\t\t\tfunction revinit_revslider51() {\n\t\t\t\t\tjQuery(function() {\n\t\t\t\t\t\ttpj = jQuery;\n\t\t\t\t\t\trevapi5 = tpj(\"#rev_slider_5_1\");\n\t\t\t\t\t\tif(revapi5==undefined || revapi5.revolution == undefined){\n\t\t\t\t\t\t\trevslider_showDoubleJqueryError(\"rev_slider_5_1\");\n\t\t\t\t\t\t}else{\n\t\t\t\t\t\t\trevapi5.revolution({\n\t\t\t\t\t\t\t\tsliderType:\"hero\",\n\t\t\t\t\t\t\t\tvisibilityLevels:\"1240,1025,779,481\",\n\t\t\t\t\t\t\t\tgridwidth:\"1300,1100,1024,480\",\n\t\t\t\t\t\t\t\tgridheight:\"230,230,230,230\",\n\t\t\t\t\t\t\t\tperspective:600,\n\t\t\t\t\t\t\t\tperspectiveType:\"local\",\n\t\t\t\t\t\t\t\teditorheight:\"230,230,230,230\",\n\t\t\t\t\t\t\t\tresponsiveLevels:\"1240,1025,779,481\",\n\t\t\t\t\t\t\t\tprogressBar:{disableProgressBar:true},\n\t\t\t\t\t\t\t\tnavigation: {\n\t\t\t\t\t\t\t\t\tonHoverStop:false\n\t\t\t\t\t\t\t\t},\n\t\t\t\t\t\t\t\tfallbacks: {\n\t\t\t\t\t\t\t\t\tallowHTML5AutoPlayOnAndroid:true\n\t\t\t\t\t\t\t\t},\n\t\t\t\t\t\t\t});\n\t\t\t\t\t\t}\n\t\t\t\t\t\t\n\t\t\t\t\t});\n\t\t\t\t\t} \/\/ End of RevInitScript\n\t\t\t\tvar once_revslider51 = false;\n\t\t\t\tif (document.readyState === \"loading\") {document.addEventListener('readystatechange',function() { if((document.readyState === \"interactive\" || document.readyState === \"complete\") && !once_revslider51 ) { once_revslider51 = true; revinit_revslider51();}});} else {once_revslider51 = true; revinit_revslider51();}\n\t\t\t\t<\/script>\n\t\t\t<\/rs-module-wrap>\n\t\t\t<!-- END REVOLUTION SLIDER -->\n[\/vc_column][\/vc_row][vc_row content_placement=&#8221;middle&#8221; css_animation=&#8221;none&#8221; content_text_alignment=&#8221;center&#8221;][vc_column offset=&#8221;vc_col-lg-offset-0 vc_col-lg-12 vc_col-md-offset-0 vc_col-md-12 vc_col-sm-offset-0 vc_col-xs-12&#8243; column_responsive_padding_1440=&#8221;0 0 0 0&#8243; column_responsive_padding_1366=&#8221;0 0 0 0&#8243; column_responsive_padding_1280=&#8221;0 0 0 0&#8243; column_responsive_padding_1024=&#8221;0 0 0 0&#8243; column_responsive_padding_768=&#8221;0 0 0 0&#8243; column_responsive_padding_680=&#8221;0 0 0 0&#8243;][vc_row_inner row_content_width=&#8221;grid&#8221; content_text_alignment=&#8221;center&#8221;][vc_column_inner offset=&#8221;vc_col-lg-offset-0 vc_col-lg-12 vc_col-md-offset-0 vc_col-md-12 vc_col-sm-offset-0 vc_col-xs-12&#8243; column_responsive_padding_1440=&#8221;0 10% 0 10%&#8221; column_responsive_padding_1366=&#8221;0 7% 0 7%&#8221; column_responsive_padding_1280=&#8221;0 2% 0 2%&#8221; column_responsive_padding_1024=&#8221;0 2% 0 2%&#8221; column_responsive_padding_768=&#8221;0 0 0 0&#8243; column_responsive_padding_680=&#8221;0 0 0 0&#8243; css=&#8221;.vc_custom_1691627105802{margin-top: -20px !important;padding-right: 18% !important;padding-left: 18% !important;}&#8221;]<div class=\"qodef-shortcode qodef-m  qodef-section-title qodef-alignment--center \">\n\t\t\t<h3 class=\"qodef-m-title\" >\n\t\t\t\t\tO nosso pequeno Chiringuito da praia est\u00e1 ansiosa por vos dar as boas\u2013vindas\t\t\t<\/h3>\n\t<\/div>[\/vc_column_inner][\/vc_row_inner][vc_row_inner row_content_width=&#8221;grid&#8221; content_text_alignment=&#8221;center&#8221;][vc_column_inner offset=&#8221;vc_col-lg-offset-0 vc_col-lg-12 vc_col-md-offset-0 vc_col-md-12 vc_col-sm-offset-0 vc_col-xs-12&#8243; column_responsive_padding_1440=&#8221;25px 9% 0 9%&#8221; column_responsive_padding_1366=&#8221;25px 6% 0 6%&#8221; column_responsive_padding_1280=&#8221;25px 2% 0 2%&#8221; column_responsive_padding_1024=&#8221;25px 6% 0 6%&#8221; column_responsive_padding_768=&#8221;20px 8% 0 8%&#8221; column_responsive_padding_680=&#8221;20px 0 0 0&#8243; css=&#8221;.vc_custom_1691776827704{padding-top: 25px !important;padding-right: 17% !important;padding-left: 17% !important;}&#8221;][vc_column_text]Por favor, note que somos muito pequenos, com apenas 20 lugares, alguns em mesas e outros no balc\u00e3o em frente \u00e0 cozinha aberta, sentados em frente aos nossos Chefes. <span style=\"color: #b18235;\">As reservas para o almo\u00e7o e o jantar s\u00e3o obrigat\u00f3rias.<\/span><\/p>\n<p>\u00c0 tarde servimos cocktails e petiscos simples, e pode sempre caminhar pela praia para nos visitar, ou fazer uma reserva para a tarde. O acesso mais f\u00e1cil a p\u00e9 \u00e9 a partir da Praia da Gal\u00e9 &#8211; enquanto na mar\u00e9 baixa pode caminhar na praia, na mar\u00e9 alta encontra um pequeno caminho no topo das dunas. Demora 5 minutos a chegar at\u00e9 n\u00f3s.<\/p>\n<p>Fechado \u00e0s segundas-feiras. Depois de 15 de setembro, fechado \u00e0s segundas e ter\u00e7as-feiras.<br \/>\nT: <a href=\"tel:+351 289 591 795\">+351 289 591 795<\/a>[\/vc_column_text][\/vc_column_inner][\/vc_row_inner][\/vc_column][\/vc_row][vc_row row_content_width=&#8221;grid&#8221; content_text_alignment=&#8221;left&#8221; css=&#8221;.vc_custom_1624389395952{padding-top: 10px !important;padding-bottom: 60px !important;background-color: #ffffff !important;}&#8221; el_class=&#8221;reservation-form&#8221;][vc_column width=&#8221;5\/6&#8243; css=&#8221;.vc_custom_1624380035221{padding-top: 0px !important;padding-right: 7% !important;padding-bottom: 0px !important;padding-left: 7% !important;}&#8221; offset=&#8221;vc_col-lg-offset-2 vc_col-lg-8 vc_col-md-offset-1 vc_col-md-10 vc_col-sm-offset-1 vc_col-xs-12&#8243; column_responsive_padding_1440=&#8221;0 5% 0 5%&#8221; column_responsive_padding_1366=&#8221;0 3% 0 3%&#8221; column_responsive_padding_1280=&#8221;0 3% 0 3%&#8221; column_responsive_padding_1024=&#8221;0 7% 0 7%&#8221; column_responsive_padding_768=&#8221;0 3% 0 3%&#8221; column_responsive_padding_680=&#8221;0 0 0 0&#8243;]<div role=\"form\" class=\"wpcf7\" id=\"wpcf7-f4395-o1\" lang=\"en-US\" dir=\"ltr\">\n<div class=\"screen-reader-response\"><p role=\"status\" aria-live=\"polite\" aria-atomic=\"true\"><\/p> <ul><\/ul><\/div>\n<form action=\"\/pt-pt\/wp-json\/wp\/v2\/pages\/4402\/#wpcf7-f4395-o1\" method=\"post\" class=\"wpcf7-form init\" novalidate=\"novalidate\" data-status=\"init\">\n<div style=\"display: none;\">\n<input type=\"hidden\" name=\"_wpcf7\" value=\"4395\" \/>\n<input type=\"hidden\" name=\"_wpcf7_version\" value=\"5.4.1\" \/>\n<input type=\"hidden\" name=\"_wpcf7_locale\" value=\"en_US\" \/>\n<input type=\"hidden\" name=\"_wpcf7_unit_tag\" value=\"wpcf7-f4395-o1\" \/>\n<input type=\"hidden\" name=\"_wpcf7_container_post\" value=\"0\" \/>\n<input type=\"hidden\" name=\"_wpcf7_posted_data_hash\" value=\"\" \/>\n<\/div>\n<div class=\"qodef-grid qodef-layout--template\">\n<div class=\"qodef-grid-inner\">\n<div class=\"qodef-grid-item qodef-col--6\">\n <label style=\"padding-left:1px; display: inline; font-size: 14px;\">*Data:<\/label><br \/>\n <span class=\"wpcf7-form-control-wrap your-date\"><input type=\"date\" name=\"your-date\" value=\"2024-03-17\" class=\"wpcf7-form-control wpcf7-date wpcf7-validates-as-required wpcf7-validates-as-date\" min=\"2024-03-17\" aria-required=\"true\" aria-invalid=\"false\" \/><\/span>\n<\/div>\n<div class=\"qodef-grid-item qodef-col--6\">\n <label style=\"padding-left:1px; display: inline; font-size: 14px;\">*Hora Pretendida:<\/label><br \/>\n <span class=\"wpcf7-form-control-wrap menu-time\"><select name=\"menu-time\" class=\"wpcf7-form-control wpcf7-select wpcf7-validates-as-required\" aria-required=\"true\" aria-invalid=\"false\"><option value=\"\">---<\/option><option value=\"13:00\">13:00<\/option><option value=\"13:30\">13:30<\/option><option value=\"14:00\">14:00<\/option><option value=\"14:15\">14:15<\/option><option value=\"18:30\">18:30<\/option><option value=\"19:00\">19:00<\/option><option value=\"19:30\">19:30<\/option><option value=\"20:00\">20:00<\/option><option value=\"20:15\">20:15<\/option><\/select><\/span>\n<\/div>\n<div class=\"qodef-grid-item qodef-col--6\">\n <label style=\"padding-left:1px; display: inline; font-size: 14px;\">*Primeiro nome:<\/label><br \/>\n <span class=\"wpcf7-form-control-wrap your-first-name\"><input type=\"text\" name=\"your-first-name\" value=\"\" size=\"40\" class=\"wpcf7-form-control wpcf7-text wpcf7-validates-as-required\" aria-required=\"true\" aria-invalid=\"false\" \/><\/span>\n<\/div>\n<div class=\"qodef-grid-item qodef-col--6\">\n <label style=\"padding-left:1px; display: inline; font-size: 14px;\">*\u00daltimo nome:<\/label><br \/>\n <span class=\"wpcf7-form-control-wrap your-second-name\"><input type=\"text\" name=\"your-second-name\" value=\"\" size=\"40\" class=\"wpcf7-form-control wpcf7-text wpcf7-validates-as-required\" aria-required=\"true\" aria-invalid=\"false\" \/><\/span>\n<\/div>\n<div class=\"qodef-grid-item qodef-col--12\">\n <label style=\"padding-left:1px; display: inline; font-size: 14px;\">*Email:<\/label><br \/>\n <span class=\"wpcf7-form-control-wrap your-email\"><input type=\"email\" name=\"your-email\" value=\"\" size=\"40\" class=\"wpcf7-form-control wpcf7-text wpcf7-email wpcf7-validates-as-required wpcf7-validates-as-email\" aria-required=\"true\" aria-invalid=\"false\" \/><\/span>\n<\/div>\n<div class=\"qodef-grid-item qodef-col--6\">\n <label style=\"padding-left:1px; display: inline; font-size: 14px;\">*Telefone:<\/label><br \/>\n <span class=\"wpcf7-form-control-wrap your-phone\"><input type=\"tel\" name=\"your-phone\" value=\"\" size=\"40\" class=\"wpcf7-form-control wpcf7-text wpcf7-tel wpcf7-validates-as-required wpcf7-validates-as-tel\" aria-required=\"true\" aria-invalid=\"false\" \/><\/span>\n<\/div>\n<div class=\"qodef-grid-item qodef-col--6\">\n <label style=\"padding-left:1px; display: inline; font-size: 14px;\">*N\u00ba de Pessoas:<\/label><br \/>\n <span class=\"wpcf7-form-control-wrap menu-persons\"><select name=\"menu-persons\" class=\"wpcf7-form-control wpcf7-select wpcf7-validates-as-required\" aria-required=\"true\" aria-invalid=\"false\"><option value=\"\">---<\/option><option value=\"1 pax\">1 pax<\/option><option value=\"2 pax\">2 pax<\/option><option value=\"3 pax\">3 pax<\/option><option value=\"4 pax\">4 pax<\/option><option value=\"5 pax\">5 pax<\/option><option value=\"6 pax\">6 pax<\/option><option value=\"7 pax\">7 pax<\/option><\/select><\/span>\n<\/div>\n<div class=\"qodef-grid-item qodef-col--12\">\n <label style=\"padding-left:1px; display: inline; font-size: 14px;\">*Reservas para crian\u00e7as e jovens:<\/label><br \/>\n <label style=\"padding-left:7px; display: inline-block; font-size: 12px; line-height: 22px;\">Por favor, mencione nas notas quantas crian\u00e7as ou jovens h\u00e1 no seu grupo.<\/label><br \/>\n <span class=\"wpcf7-form-control-wrap menu-children\"><select name=\"menu-children\" class=\"wpcf7-form-control wpcf7-select wpcf7-validates-as-required\" aria-required=\"true\" aria-invalid=\"false\"><option value=\"\">---<\/option><option value=\"Sem Crian\u00e7as\">Sem Crian\u00e7as<\/option><option value=\"Beb\u00e9\">Beb\u00e9<\/option><option value=\"Idade de 3 a 12 anos\">Idade de 3 a 12 anos<\/option><option value=\"Idade de 13 a 18 anos\">Idade de 13 a 18 anos<\/option><\/select><\/span>\n<\/div>\n<div class=\"qodef-grid-item qodef-col--12\">\n <label style=\"padding-left:1px; display: inline; font-size: 14px;\">*Pa\u00eds de Resid\u00eancia:<\/label><br \/>\n <span class=\"wpcf7-form-control-wrap your-country\"><input type=\"text\" name=\"your-country\" value=\"\" size=\"40\" class=\"wpcf7-form-control wpcf7-text wpcf7-validates-as-required\" aria-required=\"true\" aria-invalid=\"false\" \/><\/span>\n<\/div>\n<div class=\"qodef-grid-item qodef-col--6\">\n <label style=\"padding-left:1px; display: inline; font-size: 14px;\">*Intoler\u00e2ncia(s) alimentar(es) & alergia(s):<\/label><br \/>\n <span class=\"wpcf7-form-control-wrap food-intolerance\"><input type=\"text\" name=\"food-intolerance\" value=\"\" size=\"40\" class=\"wpcf7-form-control wpcf7-text wpcf7-validates-as-required\" aria-required=\"true\" aria-invalid=\"false\" \/><\/span>\n<\/div>\n<div class=\"qodef-grid-item qodef-col--6\">\n <label style=\"padding-left:1px; display: inline; font-size: 14px;\">*Alergia(s) com risco de vida:<\/label><br \/>\n <span class=\"wpcf7-form-control-wrap food-allergies\"><input type=\"text\" name=\"food-allergies\" value=\"\" size=\"40\" class=\"wpcf7-form-control wpcf7-text wpcf7-validates-as-required\" aria-required=\"true\" aria-invalid=\"false\" \/><\/span>\n<\/div>\n<div class=\"qodef-grid-item qodef-col--12\">\n <label style=\"padding-left:1px; display: inline; font-size: 14px;\">Coment\u00e1rios adicionais:<\/label><br \/>\n <span class=\"wpcf7-form-control-wrap your-message\"><textarea name=\"your-message\" cols=\"40\" rows=\"10\" class=\"wpcf7-form-control wpcf7-textarea\" aria-invalid=\"false\"><\/textarea><\/span>\n<\/div>\n<div class=\"qodef-grid-item qodef-col--12\">\n <span class=\"wpcf7-form-control-wrap terms-and-conditions\"><span class=\"wpcf7-form-control wpcf7-checkbox wpcf7-validates-as-required\"><span class=\"wpcf7-list-item first last\"><input type=\"checkbox\" name=\"terms-and-conditions[]\" value=\"\" \/><span class=\"wpcf7-list-item-label\"><\/span><\/span><\/span><\/span><label style=\"padding-left:10px; display: inline;\">Li e aceito os <a href=\"\/pt-pt\/politica-de-privacidade\/\" title=\"Terms and Conditions \u2013 Privacy Policy\" target=\"_blank\" rel=\"follow\"> Termos & Condi\u00e7\u00f5es - Pol\u00edtica de Privacidade<\/a><\/label>\n<\/div>\n<div class=\"qodef-grid-item qodef-col--12\" style=\"margin-top: 15px;text-align: left;\">\n<button type=\"submit\" class=\"wpcf7-form-control wpcf7-submit qodef-size--large qodef-button qodef-size--normal qodef-type--filled qodef-m\"><span class=\"qodef-m-text\">Enviar pedido<\/span><\/button>\n<\/div>\n<\/div>\n<\/div>\n<div class=\"inv-recaptcha-holder\"><\/div><div class=\"wpcf7-response-output\" aria-hidden=\"true\"><\/div><\/form><\/div>[vc_column_text]<span style=\"font-size: 12px; line-height: 12px; font-weight: 500;\">\u2022 Precisamos do seu cart\u00e3o de cr\u00e9dito como garantia da reserva.<br \/>\n\u2022 Os campos marcados com asterisco (*) s\u00e3o obrigat\u00f3rios.<br \/>\n\u2022 Os cancelamentos devem ser efetuados com o m\u00ednimo de 24h de anteced\u00eancia. Caso contr\u00e1rio, ser\u00e3o debitados 100 euros por pessoa, no seu cart\u00e3o de cr\u00e9dito.<br \/>\n\u2022 A sua reserva n\u00e3o \u00e9 v\u00e1lida at\u00e9 que a nossa equipa confirme por e-mail.<br \/>\n\u2022 Todos os cart\u00f5es de cr\u00e9dito s\u00e3o aceites.<\/span>[\/vc_column_text][\/vc_column][\/vc_row]<\/p>\n","protected":false},"excerpt":{"rendered":"<p>[vc_row content_placement=&#8221;middle&#8221; content_text_alignment=&#8221;center&#8221; el_class=&#8221;img_background_section&#8221; css=&#8221;.vc_custom_1691627961599{background-image: url(https:\/\/vilajoya.motti.dengun.net\/wp-content\/uploads\/2023\/08\/book_sea_header_v1.jpg?id=4344) !important;}&#8221;][vc_column css=&#8221;.vc_custom_1623953325356{padding-top: 100px !important;padding-bottom: 100px !important;}&#8221; column_responsive_padding_1024=&#8221;100px 0 100px 0&#8243; column_responsive_padding_680=&#8221;100px 0 100px 0&#8243; column_responsive_padding_768=&#8221;100px 0 100px 0&#8243; offset=&#8221;vc_col-lg-offset-0 vc_col-lg-12 vc_col-md-offset-0 vc_col-md-12 vc_col-sm-offset-0 vc_col-xs-12&#8243; column_responsive_padding_1440=&#8221;100px 0 100px 0&#8243; column_responsive_padding_1366=&#8221;100px 0 100px 0&#8243; column_responsive_padding_1280=&#8221;100px 0 100px 0&#8243;][vc_row_inner row_content_width=&#8221;grid&#8221;][vc_column_inner offset=&#8221;vc_col-lg-offset-0 vc_col-lg-12 vc_col-md-offset-0 vc_col-md-12 vc_col-sm-offset-0 vc_col-xs-12&#8243; css=&#8221;.vc_custom_1691628188793{padding-top: 140px !important;padding-right: 5% !important;padding-bottom: 100px [&hellip;]<\/p>\n","protected":false},"author":4,"featured_media":0,"parent":0,"menu_order":0,"comment_status":"closed","ping_status":"closed","template":"page-full-width.php","meta":[],"yoast_head":"<!-- This site is optimized with the Yoast SEO plugin v14.9 - https:\/\/yoast.com\/wordpress\/plugins\/seo\/ -->\n<title>Reserva Praia - Vila Joya<\/title>\n<meta name=\"robots\" content=\"noindex, follow, max-snippet:-1, max-image-preview:large, max-video-preview:-1\" \/>\n<meta property=\"og:locale\" content=\"pt_PT\" \/>\n<meta property=\"og:type\" content=\"article\" \/>\n<meta property=\"og:title\" content=\"Reserva Praia - Vila Joya\" \/>\n<meta property=\"og:description\" content=\"[vc_row content_placement=&#8221;middle&#8221; content_text_alignment=&#8221;center&#8221; el_class=&#8221;img_background_section&#8221; css=&#8221;.vc_custom_1691627961599{background-image: url(https:\/\/vilajoya.motti.dengun.net\/wp-content\/uploads\/2023\/08\/book_sea_header_v1.jpg?id=4344) !important;}&#8221;][vc_column css=&#8221;.vc_custom_1623953325356{padding-top: 100px !important;padding-bottom: 100px !important;}&#8221; column_responsive_padding_1024=&#8221;100px 0 100px 0&#8243; column_responsive_padding_680=&#8221;100px 0 100px 0&#8243; column_responsive_padding_768=&#8221;100px 0 100px 0&#8243; offset=&#8221;vc_col-lg-offset-0 vc_col-lg-12 vc_col-md-offset-0 vc_col-md-12 vc_col-sm-offset-0 vc_col-xs-12&#8243; column_responsive_padding_1440=&#8221;100px 0 100px 0&#8243; column_responsive_padding_1366=&#8221;100px 0 100px 0&#8243; column_responsive_padding_1280=&#8221;100px 0 100px 0&#8243;][vc_row_inner row_content_width=&#8221;grid&#8221;][vc_column_inner offset=&#8221;vc_col-lg-offset-0 vc_col-lg-12 vc_col-md-offset-0 vc_col-md-12 vc_col-sm-offset-0 vc_col-xs-12&#8243; css=&#8221;.vc_custom_1691628188793{padding-top: 140px !important;padding-right: 5% !important;padding-bottom: 100px [&hellip;]\" \/>\n<meta property=\"og:url\" content=\"https:\/\/vilajoya.motti.dengun.net\/pt-pt\/reserva-praia\/\" \/>\n<meta property=\"og:site_name\" content=\"Vila Joya\" \/>\n<meta property=\"article:modified_time\" content=\"2023-11-15T14:28:15+00:00\" \/>\n<meta name=\"twitter:card\" content=\"summary_large_image\" \/>\n<script type=\"application\/ld+json\" class=\"yoast-schema-graph\">{\"@context\":\"https:\/\/schema.org\",\"@graph\":[{\"@type\":\"WebSite\",\"@id\":\"https:\/\/vilajoya.motti.dengun.net\/pt-pt\/#website\",\"url\":\"https:\/\/vilajoya.motti.dengun.net\/pt-pt\/\",\"name\":\"Vila Joya\",\"description\":\"Discover the hidden jewel of the Algarve\",\"potentialAction\":[{\"@type\":\"SearchAction\",\"target\":\"https:\/\/vilajoya.motti.dengun.net\/pt-pt\/?s={search_term_string}\",\"query-input\":\"required name=search_term_string\"}],\"inLanguage\":\"pt-PT\"},{\"@type\":\"WebPage\",\"@id\":\"https:\/\/vilajoya.motti.dengun.net\/pt-pt\/reserva-praia\/#webpage\",\"url\":\"https:\/\/vilajoya.motti.dengun.net\/pt-pt\/reserva-praia\/\",\"name\":\"Reserva Praia - Vila Joya\",\"isPartOf\":{\"@id\":\"https:\/\/vilajoya.motti.dengun.net\/pt-pt\/#website\"},\"datePublished\":\"2023-08-10T00:13:38+00:00\",\"dateModified\":\"2023-11-15T14:28:15+00:00\",\"inLanguage\":\"pt-PT\",\"potentialAction\":[{\"@type\":\"ReadAction\",\"target\":[\"https:\/\/vilajoya.motti.dengun.net\/pt-pt\/reserva-praia\/\"]}]}]}<\/script>\n<!-- \/ Yoast SEO plugin. -->","_links":{"self":[{"href":"https:\/\/vilajoya.motti.dengun.net\/pt-pt\/wp-json\/wp\/v2\/pages\/4402\/"}],"collection":[{"href":"https:\/\/vilajoya.motti.dengun.net\/pt-pt\/wp-json\/wp\/v2\/pages\/"}],"about":[{"href":"https:\/\/vilajoya.motti.dengun.net\/pt-pt\/wp-json\/wp\/v2\/types\/page\/"}],"author":[{"embeddable":true,"href":"https:\/\/vilajoya.motti.dengun.net\/pt-pt\/wp-json\/wp\/v2\/users\/4\/"}],"replies":[{"embeddable":true,"href":"https:\/\/vilajoya.motti.dengun.net\/pt-pt\/wp-json\/wp\/v2\/comments\/?post=4402"}],"version-history":[{"count":7,"href":"https:\/\/vilajoya.motti.dengun.net\/pt-pt\/wp-json\/wp\/v2\/pages\/4402\/revisions\/"}],"predecessor-version":[{"id":4543,"href":"https:\/\/vilajoya.motti.dengun.net\/pt-pt\/wp-json\/wp\/v2\/pages\/4402\/revisions\/4543\/"}],"wp:attachment":[{"href":"https:\/\/vilajoya.motti.dengun.net\/pt-pt\/wp-json\/wp\/v2\/media\/?parent=4402"}],"curies":[{"name":"wp","href":"https:\/\/api.w.org\/{rel}","templated":true}]}}